{"id":1424,"date":"2020-04-14T16:28:06","date_gmt":"2020-04-14T19:28:06","guid":{"rendered":"http:\/\/52.12.190.249\/site\/?page_id=1424"},"modified":"2024-07-02T08:09:15","modified_gmt":"2024-07-02T11:09:15","slug":"condicoes-gerais","status":"publish","type":"page","link":"https:\/\/icaretravel.com.br\/site\/condicoes-gerais\/","title":{"rendered":"CONDI\u00c7\u00d5ES DE USO"},"content":{"rendered":"<h2><b>CONDI\u00c7\u00d5ES GERAIS DE USO<\/b><\/h2>\n<p><b><\/b><b>DO SEGURO VIAGEM<\/b><\/p>\n<p style=\"text-align: center;\">Informa\u00e7\u00f5es completas a respeito das coberturas, limites e exclus\u00f5es de cada<br \/>\numa das op\u00e7\u00f5es de planos dispon\u00edveis podem ser encontradas nos links abaixo.<\/p>\n<p style=\"text-align: center;\">Reserve um momento para revisar os benef\u00edcios, conferir quais<br \/>\ndespesas ser\u00e3o cobertas pelo seu seguro e como utiliz\u00e1-lo.<\/p>\n<p style=\"text-align: center;\">Os valores est\u00e3o expressos em d\u00f3lares americanos.<\/p>\n<p><a href=\"https:\/\/icaretravel.com.br\/site\/wp-content\/uploads\/2021\/01\/Condicoes-Gerais-April-_-cg_01-12-2020.pdf\" target=\"_blank\" rel=\"noopener noreferrer\">Condi\u00e7\u00f5es Gerais de sua Ap\u00f3lice Icare\u00a0<\/a>CORIS<\/p>\n<p>Coberturas Icare Basic COVID<\/p>\n<p>Coberturas Icare Max COVID<\/p>\n<p>Coberturas Icare VIP COVID<\/p>\n<p><a href=\"#elementor-action%3Aaction%3Dpopup%3Aopen%26settings%3DeyJpZCI6IjE3NjAiLCJ0b2dnbGUiOnRydWV9\">REGULAMENTO SUSEP<\/a><\/p>\n<p><a href=\"https:\/\/icaretravel.com.br\/site\/wp-content\/uploads\/2019\/09\/Condicoes-Gerais-Assist-Card-11dezembro2018-.pdf\" target=\"_blank\" rel=\"noopener noreferrer\">Condi\u00e7\u00f5es Gerais de sua Ap\u00f3lice Icare Assistcard<\/a><\/p>\n<p>COBERTURAS ICARE AC35 COVID<\/p>\n<p>COBERTURAS ICARE AC60 COVID<\/p>\n<p>COBERTURAS ICARE AC150 COVID<\/p>\n<p><a href=\"#elementor-action%3Aaction%3Dpopup%3Aopen%26settings%3DeyJpZCI6IjE3NzAiLCJ0b2dnbGUiOnRydWV9\">REGULAMENTO SUSEP<\/a><\/p>\n<p><a>ICARE UNIVERSAL ASSISTANCE<\/a><\/p>\n<p><a href=\"https:\/\/icaretravel.com.br\/site\/wp-content\/uploads\/2021\/01\/CGE-Viagem-Individual.pdf\" target=\"_blank\" rel=\"noopener noreferrer\">Condi\u00e7\u00f5es Gerais de sua Ap\u00f3lice Icare\u00a0UNIVERSAL ASSISTANCE<\/a><\/p>\n<p><a href=\"\/site\/wp-content\/uploads\/2020\/09\/iCare-60.pdf\" target=\"_blank\" rel=\"noopener noreferrer\">Coberturas Icare 60<\/a><\/p>\n<p><a href=\"\/site\/wp-content\/uploads\/2020\/09\/iCare-100.pdf\" target=\"_blank\" rel=\"noopener noreferrer\">Coberturas Icare 100<\/a><\/p>\n<p><a href=\"\/site\/wp-content\/uploads\/2020\/09\/iCare-150.pdf\" target=\"_blank\" rel=\"noopener noreferrer\">Coberturas Icare 150<\/a><\/p>\n<p><a href=\"\/site\/wp-content\/uploads\/2020\/09\/iCare-250.pdf\" target=\"_blank\" rel=\"noopener noreferrer\">Coberturas Icare 250<\/a><\/p>\n<p><a href=\"#elementor-action%3Aaction%3Dpopup%3Aopen%26settings%3DeyJpZCI6IjE3NzUiLCJ0b2dnbGUiOnRydWV9\">REGULAMENTO SUSEP<\/a><\/p>\n","protected":false},"excerpt":{"rendered":"<p>CONDI\u00c7\u00d5ES GERAIS DE USO DO SEGURO VIAGEM Informa\u00e7\u00f5es completas a respeito das coberturas, limites e exclus\u00f5es de cada uma das op\u00e7\u00f5es de planos dispon\u00edveis podem ser encontradas nos links abaixo. Reserve um momento para revisar os benef\u00edcios, conferir quais despesas ser\u00e3o cobertas pelo seu seguro e como utiliz\u00e1-lo. Os valores est\u00e3o expressos em d\u00f3lares americanos&#8230;.  <a class=\"excerpt-read-more\" href=\"https:\/\/icaretravel.com.br\/site\/condicoes-gerais\/\" title=\"Read CONDI\u00c7\u00d5ES DE USO\">Ler mais &raquo;<\/a><\/p>\n","protected":false},"author":6,"featured_media":0,"parent":0,"menu_order":0,"comment_status":"closed","ping_status":"closed","template":"elementor_header_footer","meta":{"footnotes":""},"class_list":["post-1424","page","type-page","status-publish","hentry"],"yoast_head":"<!-- This site is optimized with the Yoast SEO plugin v14.9 - https:\/\/yoast.com\/wordpress\/plugins\/seo\/ -->\n<meta name=\"robots\" content=\"index, follow, max-snippet:-1, max-image-preview:large, max-video-preview:-1\" \/>\n<link rel=\"canonical\" href=\"http:\/\/icaretravel.com.br\/site\/condicoes-gerais\/\" \/>\n<meta property=\"og:locale\" content=\"pt_BR\" \/>\n<meta property=\"og:type\" content=\"article\" \/>\n<meta property=\"og:title\" content=\"CONDI\u00c7\u00d5ES DE USO | iCare Travel Assistance\" \/>\n<meta property=\"og:description\" content=\"CONDI\u00c7\u00d5ES GERAIS DE USO DO SEGURO VIAGEM Informa\u00e7\u00f5es completas a respeito das coberturas, limites e exclus\u00f5es de cada uma das op\u00e7\u00f5es de planos dispon\u00edveis podem ser encontradas nos links abaixo. Reserve um momento para revisar os benef\u00edcios, conferir quais despesas ser\u00e3o cobertas pelo seu seguro e como utiliz\u00e1-lo. Os valores est\u00e3o expressos em d\u00f3lares americanos.... Ler mais &raquo;\" \/>\n<meta property=\"og:url\" content=\"http:\/\/icaretravel.com.br\/site\/condicoes-gerais\/\" \/>\n<meta property=\"og:site_name\" content=\"iCare Travel Assistance\" \/>\n<meta property=\"article:modified_time\" content=\"2024-07-02T11:09:15+00:00\" \/>\n<meta name=\"twitter:card\" content=\"summary\" \/>\n<script type=\"application\/ld+json\" class=\"yoast-schema-graph\">{\"@context\":\"https:\/\/schema.org\",\"@graph\":[{\"@type\":\"WebSite\",\"@id\":\"https:\/\/icaretravel.com.br\/site\/#website\",\"url\":\"https:\/\/icaretravel.com.br\/site\/\",\"name\":\"iCare Travel Assistance\",\"description\":\"\",\"potentialAction\":[{\"@type\":\"SearchAction\",\"target\":\"https:\/\/icaretravel.com.br\/site\/?s={search_term_string}\",\"query-input\":\"required name=search_term_string\"}],\"inLanguage\":\"pt-BR\"},{\"@type\":\"WebPage\",\"@id\":\"http:\/\/icaretravel.com.br\/site\/condicoes-gerais\/#webpage\",\"url\":\"http:\/\/icaretravel.com.br\/site\/condicoes-gerais\/\",\"name\":\"CONDI\\u00c7\\u00d5ES DE USO | iCare Travel Assistance\",\"isPartOf\":{\"@id\":\"https:\/\/icaretravel.com.br\/site\/#website\"},\"datePublished\":\"2020-04-14T19:28:06+00:00\",\"dateModified\":\"2024-07-02T11:09:15+00:00\",\"inLanguage\":\"pt-BR\",\"potentialAction\":[{\"@type\":\"ReadAction\",\"target\":[\"http:\/\/icaretravel.com.br\/site\/condicoes-gerais\/\"]}]}]}<\/script>\n<!-- \/ Yoast SEO plugin. -->","_links":{"self":[{"href":"https:\/\/icaretravel.com.br\/site\/wp-json\/wp\/v2\/pages\/1424","targetHints":{"allow":["GET"]}}],"collection":[{"href":"https:\/\/icaretravel.com.br\/site\/wp-json\/wp\/v2\/pages"}],"about":[{"href":"https:\/\/icaretravel.com.br\/site\/wp-json\/wp\/v2\/types\/page"}],"author":[{"embeddable":true,"href":"https:\/\/icaretravel.com.br\/site\/wp-json\/wp\/v2\/users\/6"}],"replies":[{"embeddable":true,"href":"https:\/\/icaretravel.com.br\/site\/wp-json\/wp\/v2\/comments?post=1424"}],"version-history":[{"count":67,"href":"https:\/\/icaretravel.com.br\/site\/wp-json\/wp\/v2\/pages\/1424\/revisions"}],"predecessor-version":[{"id":3032,"href":"https:\/\/icaretravel.com.br\/site\/wp-json\/wp\/v2\/pages\/1424\/revisions\/3032"}],"wp:attachment":[{"href":"https:\/\/icaretravel.com.br\/site\/wp-json\/wp\/v2\/media?parent=1424"}],"curies":[{"name":"wp","href":"https:\/\/api.w.org\/{rel}","templated":true}]}}